{"id":86959,"date":"2014-12-15T18:14:09","date_gmt":"2014-12-15T17:14:09","guid":{"rendered":"https:\/\/www2.cibest.com\/contact\/"},"modified":"2024-09-30T09:28:15","modified_gmt":"2024-09-30T07:28:15","slug":"contact","status":"publish","type":"page","link":"https:\/\/www.cibest.com\/en\/contact\/","title":{"rendered":"Contact"},"content":{"rendered":"<div class=\"wpb-content-wrapper\"><p>[vc_row row_height_percent=&#8221;0&#8243; override_padding=&#8221;yes&#8221; h_padding=&#8221;2&#8243; top_padding=&#8221;5&#8243; bottom_padding=&#8221;5&#8243; overlay_alpha=&#8221;100&#8243; gutter_size=&#8221;100&#8243; column_width_percent=&#8221;100&#8243; shift_y=&#8221;0&#8243; z_index=&#8221;0&#8243; style=&#8221;inherited&#8221;][vc_column column_width_use_pixel=&#8221;yes&#8221; position_horizontal=&#8221;right&#8221; align_horizontal=&#8221;align_center&#8221; gutter_size=&#8221;4&#8243; overlay_alpha=&#8221;100&#8243; shift_x=&#8221;0&#8243; shift_y=&#8221;0&#8243; shift_y_down=&#8221;0&#8243; z_index=&#8221;0&#8243; medium_width=&#8221;100&#8243; mobile_width=&#8221;0&#8243; zoom_width=&#8221;0&#8243; zoom_height=&#8221;0&#8243; width=&#8221;1\/4&#8243; column_width_pixel=&#8221;1000&#8243;][vc_column_text uncode_shortcode_id=&#8221;268448&#8243;]<strong><u>To contact the MOC (Maintenance in Operational Condition) service:<\/u><\/strong><\/p>\n<p><a href=\"mailto:support@cibestgroup.com\">support@cibestgroup.com<\/a><\/p>\n<p>Phone: +33 3 39 40 00 85<\/p>\n<p>Hotline telephone support hours during working days: from 8:30 a.m. to 12:00 p.m. and from 1:30 p.m. to 5:30 p.m. (excluding public holidays).<\/p>\n<p>&nbsp;<\/p>\n<p><strong><u>To contact equipment after-sales service (Monitoring your repairs, RMA requests):<\/u><\/strong><\/p>\n<p><a href=\"mailto:sav@cibestgroup.com\">sav@cibestgroup.com<\/a><\/p>\n<p>&nbsp;<\/p>\n<p><strong><u>To contact \u201cSales Administration\u201d (Monitoring your invoices):<\/u><\/strong><\/p>\n<p><a href=\"mailto:adv-factures@cibestgroup.com\">adv-factures@cibestgroup.com<\/a><\/p>\n<p>&nbsp;<\/p>\n<p><strong><u>To contact accounting:<\/u><\/strong><\/p>\n<p><a href=\"mailto:comptabilite@cibestgroup.com\">comptabilite@cibestgroup.com<\/a><\/p>\n<ul>\n<li style=\"list-style-type: none;\">\n<\/li>\n<\/ul>\n<ul>Phone: +33 3 39 40 00 82<\/ul>\n<p>&nbsp;<\/p>\n<p><strong><u>For a customer complaint:<\/u><\/strong><\/p>\n<p><a href=\"mailto:qualite@cibestgroup.com\">qualite@cibestgroup.com<\/a><\/p>\n<p>&nbsp;<\/p>\n<p><strong><u>To contact the recruitment department:<\/u><\/strong><\/p>\n<p><a href=\"mailto:solene.aziz@cibestgroup.com\"><a href=\"mailto:solene.aziz@cibestgroup.com\">solene.aziz@cibestgroup.com<\/a><\/a>[\/vc_column_text][\/vc_column][vc_column width=&#8221;3\/4&#8243;][vc_custom_heading text_color=&#8221;color-189112&#8243; text_transform=&#8221;uppercase&#8221; css_animation=&#8221;bottom-t-top&#8221; animation_delay=&#8221;100&#8243;]<\/p>\n<p style=\"text-align: left;\">Contact Form<\/p>\n<p>[\/vc_custom_heading]\n<div class=\"wpcf7 no-js\" id=\"wpcf7-f31132-o1\" lang=\"fr-FR\" dir=\"ltr\" data-wpcf7-id=\"31132\">\n<div class=\"screen-reader-response\"><p role=\"status\" aria-live=\"polite\" aria-atomic=\"true\"><\/p> <ul><\/ul><\/div>\n<form action=\"\/en\/wp-json\/wp\/v2\/pages\/86959#wpcf7-f31132-o1\" method=\"post\" class=\"wpcf7-form init\" aria-label=\"Formulaire de contact\" novalidate=\"novalidate\" data-status=\"init\">\n<div style=\"display: none;\">\n<input type=\"hidden\" name=\"_wpcf7\" value=\"31132\" \/>\n<input type=\"hidden\" name=\"_wpcf7_version\" value=\"6.0.4\" \/>\n<input type=\"hidden\" name=\"_wpcf7_locale\" value=\"fr_FR\" \/>\n<input type=\"hidden\" name=\"_wpcf7_unit_tag\" value=\"wpcf7-f31132-o1\" \/>\n<input type=\"hidden\" name=\"_wpcf7_container_post\" value=\"0\" \/>\n<input type=\"hidden\" name=\"_wpcf7_posted_data_hash\" value=\"\" \/>\n<input type=\"hidden\" name=\"_wpcf7_recaptcha_response\" value=\"\" \/>\n<\/div>\n<p><span class=\"wpcf7-form-control-wrap\" data-name=\"civilite\"><span class=\"wpcf7-form-control wpcf7-radio\"><span class=\"wpcf7-list-item first\"><label><input type=\"radio\" name=\"civilite\" value=\"Madame\" checked=\"checked\" \/><span class=\"wpcf7-list-item-label\">Madame<\/span><\/label><\/span><span class=\"wpcf7-list-item last\"><label><input type=\"radio\" name=\"civilite\" value=\"Monsieur\" \/><span class=\"wpcf7-list-item-label\">Monsieur<\/span><\/label><\/span><\/span><\/span>\n<\/p>\n<p><span class=\"wpcf7-form-control-wrap\" data-name=\"lastname\"><input size=\"40\" maxlength=\"400\" class=\"wpcf7-form-control wpcf7-text wpcf7-validates-as-required form-fluid\" aria-required=\"true\" aria-invalid=\"false\" placeholder=\"Votre nom*\" value=\"\" type=\"text\" name=\"lastname\" \/><\/span>\n<\/p>\n<p><span class=\"wpcf7-form-control-wrap\" data-name=\"firstname\"><input size=\"40\" maxlength=\"400\" class=\"wpcf7-form-control wpcf7-text wpcf7-validates-as-required form-fluid\" aria-required=\"true\" aria-invalid=\"false\" placeholder=\"Votre pr\u00e9nom*\" value=\"\" type=\"text\" name=\"firstname\" \/><\/span>\n<\/p>\n<div class=\"wpcf7-inline-wrapper\">\n\t<p class=\"wpcf7-inline-field\"><span class=\"wpcf7-form-control-wrap\" data-name=\"email\"><input size=\"40\" maxlength=\"400\" class=\"wpcf7-form-control wpcf7-email wpcf7-validates-as-required wpcf7-text wpcf7-validates-as-email\" aria-required=\"true\" aria-invalid=\"false\" placeholder=\"Votre adresse e-mail*\" value=\"\" type=\"email\" name=\"email\" \/><\/span>\n\t<\/p>\n\t<p class=\"wpcf7-inline-field\"><span class=\"wpcf7-form-control-wrap\" data-name=\"tel\"><input size=\"40\" maxlength=\"400\" class=\"wpcf7-form-control wpcf7-tel wpcf7-validates-as-required wpcf7-text wpcf7-validates-as-tel\" aria-required=\"true\" aria-invalid=\"false\" placeholder=\"Votre t\u00e9l\u00e9phone*\" value=\"\" type=\"tel\" name=\"tel\" \/><\/span>\n\t<\/p>\n<\/div>\n<p><span class=\"wpcf7-form-control-wrap\" data-name=\"societe\"><input size=\"40\" maxlength=\"400\" class=\"wpcf7-form-control wpcf7-text wpcf7-validates-as-required form-fluid\" aria-required=\"true\" aria-invalid=\"false\" placeholder=\"Votre soci\u00e9t\u00e9*\" value=\"\" type=\"text\" name=\"societe\" \/><\/span>\n<\/p>\n<p><span class=\"wpcf7-form-control-wrap\" data-name=\"sujet\"><input size=\"40\" maxlength=\"400\" class=\"wpcf7-form-control wpcf7-text wpcf7-validates-as-required form-fluid\" aria-required=\"true\" aria-invalid=\"false\" placeholder=\"Objet du message*\" value=\"\" type=\"text\" name=\"sujet\" \/><\/span>\n<\/p>\n<p><span class=\"wpcf7-form-control-wrap\" data-name=\"checkbox-852\"><span class=\"wpcf7-form-control wpcf7-checkbox wpcf7-validates-as-required\"><span class=\"wpcf7-list-item first\"><label><input type=\"checkbox\" name=\"checkbox-852[]\" value=\"Demander \u00e0 \u00eatre rappel\u00e9 par nos \u00e9quipes\" \/><span class=\"wpcf7-list-item-label\">Demander \u00e0 \u00eatre rappel\u00e9 par nos \u00e9quipes<\/span><\/label><\/span><span class=\"wpcf7-list-item last\"><label><input type=\"checkbox\" name=\"checkbox-852[]\" value=\"Demander d&#039;informations compl\u00e9mentaires\" \/><span class=\"wpcf7-list-item-label\">Demander d&#039;informations compl\u00e9mentaires<\/span><\/label><\/span><\/span><\/span>\n<\/p>\n<p><span class=\"wpcf7-form-control-wrap\" data-name=\"message\"><textarea cols=\"40\" rows=\"10\" maxlength=\"2000\" class=\"wpcf7-form-control wpcf7-textarea wpcf7-validates-as-required\" aria-required=\"true\" aria-invalid=\"false\" placeholder=\"Votre message*\" name=\"message\"><\/textarea><\/span>\n<\/p>\n<p><span class=\"wpcf7-form-control-wrap\" data-name=\"acceptance-455\"><span class=\"wpcf7-form-control wpcf7-acceptance\"><span class=\"wpcf7-list-item\"><label><input type=\"checkbox\" name=\"acceptance-455\" value=\"1\" aria-invalid=\"false\" \/><span class=\"wpcf7-list-item-label\">En soumettant ce formulaire, j'accepte <a href=\"\/politique-de-confidentialite\" target=\"blank\">la politique de confidentialit\u00e9<\/a>, <a href=\"\/mentions-legales\" target=\"blank\">les mentions l\u00e9gales<\/a> et que les informations saisies soient enregistr\u00e9es et exploit\u00e9es dans le cadre de ma demande, et de la relation commerciale qui peut en d\u00e9couler.<\/span><\/label><\/span><\/span><\/span>\n<\/p>\n<p><input class=\"wpcf7-form-control wpcf7-submit has-spinner btn btn-accent btn-circle\" type=\"submit\" value=\"Envoyer\" \/>\n<\/p><div class=\"wpcf7-response-output\" aria-hidden=\"true\"><\/div>\n<\/form>\n<\/div>\n[\/vc_column][\/vc_row][vc_row unlock_row_content=&#8221;yes&#8221; row_height_percent=&#8221;55&#8243; override_padding=&#8221;yes&#8221; h_padding=&#8221;0&#8243; top_padding=&#8221;0&#8243; bottom_padding=&#8221;0&#8243; back_color=&#8221;color-189112&#8243; overlay_alpha=&#8221;50&#8243; equal_height=&#8221;yes&#8221; gutter_size=&#8221;0&#8243; column_width_percent=&#8221;100&#8243; shift_y=&#8221;0&#8243; z_index=&#8221;0&#8243; el_class=&#8221;inverted-device-order&#8221;][vc_column column_width_percent=&#8221;100&#8243; gutter_size=&#8221;3&#8243; override_padding=&#8221;yes&#8221; column_padding=&#8221;4&#8243; style=&#8221;dark&#8221; back_color=&#8221;color-wayh&#8221; overlay_alpha=&#8221;50&#8243; shift_x=&#8221;0&#8243; shift_y=&#8221;0&#8243; shift_y_down=&#8221;0&#8243; z_index=&#8221;0&#8243; medium_width=&#8221;0&#8243; mobile_width=&#8221;0&#8243; width=&#8221;3\/4&#8243; mobile_height=&#8221;360&#8243;][vc_raw_html]PGlmcmFtZSBpZD0iY2liZXN0X2dvb2dsZV9tYXAiIHNyYz0iaHR0cHM6Ly93d3cuZ29vZ2xlLmNvbS9tYXBzL2VtYmVkP3BiPSExbTE4ITFtMTIhMW0zITFkNTQyMC4zMTQ2NDgyNjk2ODQhMmQ1Ljk2OTEzOTE3Njc3NTgwNSEzZDQ3LjIxMzUwMzkxNTAzOTQ0NiEybTMhMWYwITJmMCEzZjAhM20yITFpMTAyNCEyaTc2OCE0ZjEzLjEhM20zITFtMiExczB4NDc4ZDY0NzUwZjA1YWRkMSUzQTB4MmRlODc4MWI4MGRjYWVkMCEyc0NpYmVzdCE1ZTAhM20yITFzZnIhMnNmciE0djE3MTUwODg0NzY1MDEhNW0yITFzZnIhMnNmciIgd2lkdGg9IjYwMCIgaGVpZ2h0PSI0NTAiIHN0eWxlPSJib3JkZXI6MDsiIGFsbG93ZnVsbHNjcmVlbj0iIiBsb2FkaW5nPSJsYXp5IiByZWZlcnJlcnBvbGljeT0ibm8tcmVmZXJyZXItd2hlbi1kb3duZ3JhZGUiPjwvaWZyYW1lPg==[\/vc_raw_html][\/vc_column][vc_column column_width_use_pixel=&#8221;yes&#8221; position_vertical=&#8221;middle&#8221; gutter_size=&#8221;3&#8243; override_padding=&#8221;yes&#8221; column_padding=&#8221;2&#8243; overlay_alpha=&#8221;50&#8243; shift_x=&#8221;0&#8243; shift_y=&#8221;0&#8243; shift_y_down=&#8221;0&#8243; z_index=&#8221;0&#8243; medium_width=&#8221;0&#8243; mobile_width=&#8221;0&#8243; width=&#8221;1\/4&#8243; column_width_pixel=&#8221;600&#8243;][vc_row_inner limit_content=&#8221;&#8221;][vc_column_inner column_width_percent=&#8221;100&#8243; gutter_size=&#8221;2&#8243; override_padding=&#8221;yes&#8221; column_padding=&#8221;1&#8243; style=&#8221;dark&#8221; overlay_alpha=&#8221;50&#8243; shift_x=&#8221;0&#8243; shift_y=&#8221;0&#8243; shift_y_down=&#8221;0&#8243; z_index=&#8221;0&#8243; medium_width=&#8221;0&#8243; mobile_width=&#8221;0&#8243; width=&#8221;1\/1&#8243;][vc_custom_heading text_color=&#8221;color-xsdn&#8221; heading_semantic=&#8221;h3&#8243; text_transform=&#8221;uppercase&#8221;]Cibest[\/vc_custom_heading][vc_column_text]7 rue Christiaan Huygens, 25000 Besan\u00e7on<\/p>\n<p>Phone : <a href=\"tel:+33381808313\">+33 (0)3 81 80 83 13<\/a><\/p>\n<p>E-mail :  <a href=\"mailto:contact@cibestgroup.com\">contact@cibestgroup.com<\/a>[\/vc_column_text][\/vc_column_inner][\/vc_row_inner][\/vc_column][\/vc_row][vc_row row_height_percent=&#8221;0&#8243; override_padding=&#8221;yes&#8221; h_padding=&#8221;2&#8243; top_padding=&#8221;3&#8243; bottom_padding=&#8221;3&#8243; back_color=&#8221;accent&#8221; overlay_alpha=&#8221;0&#8243; equal_height=&#8221;yes&#8221; gutter_size=&#8221;3&#8243; shift_y=&#8221;0&#8243; mobile_visibility=&#8221;yes&#8221; style=&#8221;inherited&#8221;][vc_column column_width_percent=&#8221;100&#8243; align_horizontal=&#8221;align_center&#8221; gutter_size=&#8221;4&#8243; style=&#8221;dark&#8221; overlay_alpha=&#8221;100&#8243; shift_x=&#8221;0&#8243; shift_y=&#8221;0&#8243; medium_width=&#8221;0&#8243; zoom_width=&#8221;0&#8243; zoom_height=&#8221;0&#8243; width=&#8221;1\/1&#8243;][vc_custom_heading text_color=&#8221;color-189112&#8243; text_transform=&#8221;uppercase&#8221; css_animation=&#8221;bottom-t-top&#8221; animation_delay=&#8221;100&#8243;]Follow us![\/vc_custom_heading][vc_empty_space empty_h=&#8221;2&#8243;][vc_icon display=&#8221;inline&#8221; icon=&#8221;fa fa-linkedin-square&#8221; icon_color=&#8221;color-189112&#8243; background_style=&#8221;fa-rounded&#8221; size=&#8221;fa-2x&#8221; link=&#8221;url:https%3A%2F%2Fwww.linkedin.com%2Fcompany%2Fcibest-group%2F|target:_blank|&#8221;][\/vc_icon][\/vc_column][\/vc_row]<\/p>\n<\/div>","protected":false},"excerpt":{"rendered":"<p>[vc_row row_height_percent=&#8221;0&#8243; override_padding=&#8221;yes&#8221; h_padding=&#8221;2&#8243; top_padding=&#8221;5&#8243; bottom_padding=&#8221;5&#8243; overlay_alpha=&#8221;100&#8243; gutter_size=&#8221;100&#8243; column_width_percent=&#8221;100&#8243; shift_y=&#8221;0&#8243; z_index=&#8221;0&#8243; style=&#8221;inherited&#8221;][vc_column column_width_use_pixel=&#8221;yes&#8221; position_horizontal=&#8221;right&#8221; align_horizontal=&#8221;align_center&#8221; gutter_size=&#8221;4&#8243; overlay_alpha=&#8221;100&#8243; shift_x=&#8221;0&#8243; shift_y=&#8221;0&#8243; shift_y_down=&#8221;0&#8243; [&hellip;]<\/p>\n","protected":false},"author":6,"featured_media":0,"parent":0,"menu_order":0,"comment_status":"open","ping_status":"closed","template":"","meta":{"_acf_changed":false,"footnotes":""},"class_list":["post-86959","page","type-page","status-publish","hentry","page_category-cibest-en-3"],"acf":[],"yoast_head":"<!-- This site is optimized with the Yoast SEO plugin v24.5 - https:\/\/yoast.com\/wordpress\/plugins\/seo\/ -->\n<title>Contact - CIBEST<\/title>\n<meta name=\"robots\" content=\"index, follow, max-snippet:-1, max-image-preview:large, max-video-preview:-1\" \/>\n<link rel=\"canonical\" href=\"https:\/\/www.cibest.com\/en\/contact\/\" \/>\n<meta property=\"og:locale\" content=\"en_US\" \/>\n<meta property=\"og:type\" content=\"article\" \/>\n<meta property=\"og:title\" content=\"Contact - CIBEST\" \/>\n<meta property=\"og:description\" content=\"[vc_row row_height_percent=&#8221;0&#8243; override_padding=&#8221;yes&#8221; h_padding=&#8221;2&#8243; top_padding=&#8221;5&#8243; bottom_padding=&#8221;5&#8243; overlay_alpha=&#8221;100&#8243; gutter_size=&#8221;100&#8243; column_width_percent=&#8221;100&#8243; shift_y=&#8221;0&#8243; z_index=&#8221;0&#8243; style=&#8221;inherited&#8221;][vc_column column_width_use_pixel=&#8221;yes&#8221; position_horizontal=&#8221;right&#8221; align_horizontal=&#8221;align_center&#8221; gutter_size=&#8221;4&#8243; overlay_alpha=&#8221;100&#8243; shift_x=&#8221;0&#8243; shift_y=&#8221;0&#8243; shift_y_down=&#8221;0&#8243; [&hellip;]\" \/>\n<meta property=\"og:url\" content=\"https:\/\/www.cibest.com\/en\/contact\/\" \/>\n<meta property=\"og:site_name\" content=\"CIBEST\" \/>\n<meta property=\"article:modified_time\" content=\"2024-09-30T07:28:15+00:00\" \/>\n<meta name=\"twitter:card\" content=\"summary_large_image\" \/>\n<meta name=\"twitter:label1\" content=\"Est. reading time\" \/>\n\t<meta name=\"twitter:data1\" content=\"3 minutes\" \/>\n<script type=\"application\/ld+json\" class=\"yoast-schema-graph\">{\"@context\":\"https:\/\/schema.org\",\"@graph\":[{\"@type\":\"WebPage\",\"@id\":\"https:\/\/www.cibest.com\/en\/contact\/\",\"url\":\"https:\/\/www.cibest.com\/en\/contact\/\",\"name\":\"Contact - CIBEST\",\"isPartOf\":{\"@id\":\"https:\/\/www.cibest.com\/#website\"},\"datePublished\":\"2014-12-15T17:14:09+00:00\",\"dateModified\":\"2024-09-30T07:28:15+00:00\",\"breadcrumb\":{\"@id\":\"https:\/\/www.cibest.com\/en\/contact\/#breadcrumb\"},\"inLanguage\":\"en-US\",\"potentialAction\":[{\"@type\":\"ReadAction\",\"target\":[\"https:\/\/www.cibest.com\/en\/contact\/\"]}]},{\"@type\":\"BreadcrumbList\",\"@id\":\"https:\/\/www.cibest.com\/en\/contact\/#breadcrumb\",\"itemListElement\":[{\"@type\":\"ListItem\",\"position\":1,\"name\":\"Accueil\",\"item\":\"https:\/\/www.cibest.com\/en\/\"},{\"@type\":\"ListItem\",\"position\":2,\"name\":\"Contact\"}]},{\"@type\":\"WebSite\",\"@id\":\"https:\/\/www.cibest.com\/#website\",\"url\":\"https:\/\/www.cibest.com\/\",\"name\":\"CIBEST\",\"description\":\"\",\"publisher\":{\"@id\":\"https:\/\/www.cibest.com\/#organization\"},\"potentialAction\":[{\"@type\":\"SearchAction\",\"target\":{\"@type\":\"EntryPoint\",\"urlTemplate\":\"https:\/\/www.cibest.com\/?s={search_term_string}\"},\"query-input\":{\"@type\":\"PropertyValueSpecification\",\"valueRequired\":true,\"valueName\":\"search_term_string\"}}],\"inLanguage\":\"en-US\"},{\"@type\":\"Organization\",\"@id\":\"https:\/\/www.cibest.com\/#organization\",\"name\":\"CIBEST Group\",\"url\":\"https:\/\/www.cibest.com\/\",\"logo\":{\"@type\":\"ImageObject\",\"inLanguage\":\"en-US\",\"@id\":\"https:\/\/www.cibest.com\/#\/schema\/logo\/image\/\",\"url\":\"https:\/\/www.cibest.com\/wp-content\/uploads\/2024\/10\/CIBEST-BLEU.svg\",\"contentUrl\":\"https:\/\/www.cibest.com\/wp-content\/uploads\/2024\/10\/CIBEST-BLEU.svg\",\"width\":1,\"height\":1,\"caption\":\"CIBEST Group\"},\"image\":{\"@id\":\"https:\/\/www.cibest.com\/#\/schema\/logo\/image\/\"},\"sameAs\":[\"https:\/\/www.linkedin.com\/company\/cibest-group\/\"]}]}<\/script>\n<!-- \/ Yoast SEO plugin. -->","yoast_head_json":{"title":"Contact - CIBEST","robots":{"index":"index","follow":"follow","max-snippet":"max-snippet:-1","max-image-preview":"max-image-preview:large","max-video-preview":"max-video-preview:-1"},"canonical":"https:\/\/www.cibest.com\/en\/contact\/","og_locale":"en_US","og_type":"article","og_title":"Contact - CIBEST","og_description":"[vc_row row_height_percent=&#8221;0&#8243; override_padding=&#8221;yes&#8221; h_padding=&#8221;2&#8243; top_padding=&#8221;5&#8243; bottom_padding=&#8221;5&#8243; overlay_alpha=&#8221;100&#8243; gutter_size=&#8221;100&#8243; column_width_percent=&#8221;100&#8243; shift_y=&#8221;0&#8243; z_index=&#8221;0&#8243; style=&#8221;inherited&#8221;][vc_column column_width_use_pixel=&#8221;yes&#8221; position_horizontal=&#8221;right&#8221; align_horizontal=&#8221;align_center&#8221; gutter_size=&#8221;4&#8243; overlay_alpha=&#8221;100&#8243; shift_x=&#8221;0&#8243; shift_y=&#8221;0&#8243; shift_y_down=&#8221;0&#8243; [&hellip;]","og_url":"https:\/\/www.cibest.com\/en\/contact\/","og_site_name":"CIBEST","article_modified_time":"2024-09-30T07:28:15+00:00","twitter_card":"summary_large_image","twitter_misc":{"Est. reading time":"3 minutes"},"schema":{"@context":"https:\/\/schema.org","@graph":[{"@type":"WebPage","@id":"https:\/\/www.cibest.com\/en\/contact\/","url":"https:\/\/www.cibest.com\/en\/contact\/","name":"Contact - CIBEST","isPartOf":{"@id":"https:\/\/www.cibest.com\/#website"},"datePublished":"2014-12-15T17:14:09+00:00","dateModified":"2024-09-30T07:28:15+00:00","breadcrumb":{"@id":"https:\/\/www.cibest.com\/en\/contact\/#breadcrumb"},"inLanguage":"en-US","potentialAction":[{"@type":"ReadAction","target":["https:\/\/www.cibest.com\/en\/contact\/"]}]},{"@type":"BreadcrumbList","@id":"https:\/\/www.cibest.com\/en\/contact\/#breadcrumb","itemListElement":[{"@type":"ListItem","position":1,"name":"Accueil","item":"https:\/\/www.cibest.com\/en\/"},{"@type":"ListItem","position":2,"name":"Contact"}]},{"@type":"WebSite","@id":"https:\/\/www.cibest.com\/#website","url":"https:\/\/www.cibest.com\/","name":"CIBEST","description":"","publisher":{"@id":"https:\/\/www.cibest.com\/#organization"},"potentialAction":[{"@type":"SearchAction","target":{"@type":"EntryPoint","urlTemplate":"https:\/\/www.cibest.com\/?s={search_term_string}"},"query-input":{"@type":"PropertyValueSpecification","valueRequired":true,"valueName":"search_term_string"}}],"inLanguage":"en-US"},{"@type":"Organization","@id":"https:\/\/www.cibest.com\/#organization","name":"CIBEST Group","url":"https:\/\/www.cibest.com\/","logo":{"@type":"ImageObject","inLanguage":"en-US","@id":"https:\/\/www.cibest.com\/#\/schema\/logo\/image\/","url":"https:\/\/www.cibest.com\/wp-content\/uploads\/2024\/10\/CIBEST-BLEU.svg","contentUrl":"https:\/\/www.cibest.com\/wp-content\/uploads\/2024\/10\/CIBEST-BLEU.svg","width":1,"height":1,"caption":"CIBEST Group"},"image":{"@id":"https:\/\/www.cibest.com\/#\/schema\/logo\/image\/"},"sameAs":["https:\/\/www.linkedin.com\/company\/cibest-group\/"]}]}},"_links":{"self":[{"href":"https:\/\/www.cibest.com\/en\/wp-json\/wp\/v2\/pages\/86959","targetHints":{"allow":["GET"]}}],"collection":[{"href":"https:\/\/www.cibest.com\/en\/wp-json\/wp\/v2\/pages"}],"about":[{"href":"https:\/\/www.cibest.com\/en\/wp-json\/wp\/v2\/types\/page"}],"author":[{"embeddable":true,"href":"https:\/\/www.cibest.com\/en\/wp-json\/wp\/v2\/users\/6"}],"replies":[{"embeddable":true,"href":"https:\/\/www.cibest.com\/en\/wp-json\/wp\/v2\/comments?post=86959"}],"version-history":[{"count":6,"href":"https:\/\/www.cibest.com\/en\/wp-json\/wp\/v2\/pages\/86959\/revisions"}],"predecessor-version":[{"id":87608,"href":"https:\/\/www.cibest.com\/en\/wp-json\/wp\/v2\/pages\/86959\/revisions\/87608"}],"wp:attachment":[{"href":"https:\/\/www.cibest.com\/en\/wp-json\/wp\/v2\/media?parent=86959"}],"curies":[{"name":"wp","href":"https:\/\/api.w.org\/{rel}","templated":true}]}}